{"id":3450,"date":"2025-10-01T09:31:12","date_gmt":"2025-10-01T10:31:12","guid":{"rendered":"https:\/\/morabeza.digital\/?page_id=3450"},"modified":"2025-10-01T09:47:17","modified_gmt":"2025-10-01T10:47:17","slug":"trabalhar-connosco","status":"publish","type":"page","link":"https:\/\/morabeza.digital\/en\/working-with-us\/","title":{"rendered":"Working with us"},"content":{"rendered":"<section class=\"bde-section-3450-100 bde-section\">\n  \n  \n\t\n\n\n\n<div class=\"section-container\"><h1 class=\"bde-heading-3450-101 bde-heading\">\nWorking with us\n<\/h1><div class=\"bde-rich-text-3450-102 bde-rich-text breakdance-rich-text-styles\">\n<h1 data-start=\"114\" data-end=\"150\">Careers at Morabeza Digital<\/h1><p data-start=\"152\" data-end=\"483\">In <strong data-start=\"155\" data-end=\"175\">Morabeza Digital<\/strong>We help companies throughout Cape Verde grow online through web design, SEO, social media marketing and lead generation.<br data-start=\"306\" data-end=\"309\" \/>To reach even more businesses on all the islands, we're looking for <strong data-start=\"373\" data-end=\"409\">Independent Commercial Agents<\/strong> to join our team on a temporary basis. <strong data-start=\"455\" data-end=\"480\">service provision<\/strong>.<\/p><hr data-start=\"485\" data-end=\"488\" \/><h2 data-start=\"490\" data-end=\"521\">Why work with us?<\/h2><ul data-start=\"522\" data-end=\"944\"><li data-start=\"522\" data-end=\"581\"><p data-start=\"524\" data-end=\"581\">\ud83c\udf0d <strong data-start=\"527\" data-end=\"544\">Flexibility<\/strong> - work when and where you want.<\/p><\/li><li data-start=\"582\" data-end=\"678\"><p data-start=\"584\" data-end=\"678\">\ud83e\udd1d <strong data-start=\"587\" data-end=\"604\">Independence<\/strong> - you're your own boss, with total freedom to manage your schedule.<\/p><\/li><li data-start=\"679\" data-end=\"826\"><p data-start=\"681\" data-end=\"826\">\ud83d\udcc8 <strong data-start=\"684\" data-end=\"699\">Growth<\/strong> - develop your career in digital marketing sales and gain valuable experience in one of the fastest growing sectors.<\/p><\/li><li data-start=\"827\" data-end=\"944\"><p data-start=\"829\" data-end=\"944\">\ud83c\udfaf <strong data-start=\"832\" data-end=\"841\">Support<\/strong> - we provide training materials, presentations and digital content to help you succeed.<\/p><\/li><\/ul><hr data-start=\"946\" data-end=\"949\" \/><h2 data-start=\"951\" data-end=\"972\">What we offer<\/h2><ul data-start=\"973\" data-end=\"1431\"><li data-start=\"973\" data-end=\"1101\"><p data-start=\"975\" data-end=\"1101\">\ud83d\udcde <strong data-start=\"978\" data-end=\"1010\">Telecoms costs<\/strong> - we cover the basic costs of calls and data, so you can focus on your customers.<\/p><\/li><li data-start=\"1102\" data-end=\"1195\"><p data-start=\"1104\" data-end=\"1195\">\ud83d\udcb0 <strong data-start=\"1107\" data-end=\"1130\">Attractive commissions<\/strong> - the more you sell, the more you earn, with motivating incentives.<\/p><\/li><li data-start=\"1196\" data-end=\"1317\"><p data-start=\"1198\" data-end=\"1317\">\ud83d\ude80 <strong data-start=\"1201\" data-end=\"1232\">Opportunities for progression<\/strong> - successful agents can progress to senior roles and expand their territory.<\/p><\/li><li data-start=\"1318\" data-end=\"1431\"><p data-start=\"1320\" data-end=\"1431\">\ud83c\udfc6 <strong data-start=\"1323\" data-end=\"1353\">Promotions and recognition<\/strong> - exceptional performance is rewarded with growth within the company.<\/p><\/li><\/ul><hr data-start=\"1433\" data-end=\"1436\" \/><h2 data-start=\"1438\" data-end=\"1478\">What we look for in our agents<\/h2><p data-start=\"1479\" data-end=\"1508\">We want people who are:<\/p><ul data-start=\"1509\" data-end=\"2019\"><li data-start=\"1509\" data-end=\"1584\"><p data-start=\"1511\" data-end=\"1584\"><strong data-start=\"1511\" data-end=\"1536\">Motivated and proactive<\/strong> - take initiative and work autonomously.<\/p><\/li><li data-start=\"1585\" data-end=\"1668\"><p data-start=\"1587\" data-end=\"1668\"><strong data-start=\"1587\" data-end=\"1617\">Friendly and communicative<\/strong> - like to create connections and build relationships.<\/p><\/li><li data-start=\"1669\" data-end=\"1753\"><p data-start=\"1671\" data-end=\"1753\"><strong data-start=\"1671\" data-end=\"1703\">Professionals and carers<\/strong> - communicate clearly and fulfil commitments.<\/p><\/li><li data-start=\"1754\" data-end=\"1838\"><p data-start=\"1756\" data-end=\"1838\"><strong data-start=\"1756\" data-end=\"1771\">Organised<\/strong> - know how to manage calls, meetings and follow-ups efficiently.<\/p><\/li><li data-start=\"1839\" data-end=\"1919\"><p data-start=\"1841\" data-end=\"1919\"><strong data-start=\"1841\" data-end=\"1873\">Persistent but respectful<\/strong> - follow up without being invasive.<\/p><\/li><li data-start=\"1920\" data-end=\"2019\"><p data-start=\"1922\" data-end=\"2019\"><strong data-start=\"1922\" data-end=\"1951\">Interested in marketing<\/strong> - notions of digital marketing and social networks are an asset.<\/p><\/li><\/ul><hr data-start=\"2021\" data-end=\"2024\" \/><h2 data-start=\"2026\" data-end=\"2049\">Minimum requirements<\/h2><ul data-start=\"2050\" data-end=\"2268\"><li data-start=\"2050\" data-end=\"2096\"><p data-start=\"2052\" data-end=\"2096\">Complete secondary education .<\/p><\/li><li data-start=\"2097\" data-end=\"2200\"><p data-start=\"2099\" data-end=\"2200\">Good communication skills in <strong data-start=\"2134\" data-end=\"2147\">Portuguese and Creole\u00a0<\/strong> (English is an advantage).<\/p><\/li><li data-start=\"2201\" data-end=\"2268\"><p data-start=\"2203\" data-end=\"2268\">Basic knowledge of smartphones, email and WhatsApp.<br \/><br \/><br \/><\/p><\/li><\/ul><h2 data-start=\"156\" data-end=\"179\">How to apply<\/h2><p data-start=\"181\" data-end=\"374\">If you're ready to represent <strong data-start=\"219\" data-end=\"239\">Morabeza Digital<\/strong> and help Cape Verdean companies grow online, fill in the form below and send us your enquiry. <strong data-start=\"334\" data-end=\"340\">CV<\/strong> and yours <strong data-start=\"349\" data-end=\"371\">motivation letter<\/strong>.<\/p><p data-start=\"376\" data-end=\"483\">\u2728 Join us and be part of a team that is shaping the future of digital marketing in Cape Verde.<\/p><p>\u00a0<\/p>\n<\/div><div class=\"bde-shortcode-3450-103 bde-shortcode\"><div class='fluentform ff-default fluentform_wrapper_8 ffs_default_wrap'><form data-form_id=\"8\" id=\"fluentform_8\" class=\"frm-fluent-form fluent_form_8 ff-el-form-top ff_form_instance_8_1 ff-form-loading ffs_default\" data-form_instance=\"ff_form_instance_8_1\" method=\"POST\" action=\"\" ><fieldset  style=\"border: none!important;margin: 0!important;padding: 0!important;background-color: transparent!important;box-shadow: none!important;outline: none!important; min-inline-size: 100%;\">\n                    <legend class=\"ff_screen_reader_title\" style=\"display: block; margin: 0!important;padding: 0!important;height: 0!important;text-indent: -999999px;width: 0!important;overflow:hidden;\">Work with us page form<\/legend><input type='hidden' name='__fluent_form_embded_post_id' value='3450' \/><input type=\"hidden\" id=\"_fluentform_8_fluentformnonce\" name=\"_fluentform_8_fluentformnonce\" value=\"b7182e8fe0\" \/><input type=\"hidden\" name=\"_wp_http_referer\" value=\"\/en\/wp-json\/wp\/v2\/pages\/3450\" \/><div class='ff-el-group'><div class=\"ff-el-input--label ff-el-is-required asterisk-right\"><label for='ff_8_input_text' aria-label=\"Full name\">Full name<\/label><\/div><div class='ff-el-input--content'><input type=\"text\" name=\"input_text\" class=\"ff-el-form-control\" data-name=\"input_text\" id=\"ff_8_input_text\"  aria-invalid=\"false\" aria-required=\"true\"><\/div><\/div><div class='ff-el-group'><div class=\"ff-el-input--label ff-el-is-required asterisk-right\"><label for='ff_8_email' aria-label=\"Email\">Email<\/label><\/div><div class='ff-el-input--content'><input type=\"email\" name=\"email\" id=\"ff_8_email\" class=\"ff-el-form-control\" data-name=\"email\"  aria-invalid=\"false\" aria-required=\"true\"><\/div><\/div><div class='ff-el-group'><div class=\"ff-el-input--label ff-el-is-required asterisk-right\"><label for='ff_8_phone' aria-label=\"Mobile\">Mobile<\/label><\/div><div class='ff-el-input--content'><input name=\"phone\" class=\"ff-el-form-control ff-el-phone\" type=\"tel\" data-name=\"phone\" id=\"ff_8_phone\" inputmode=\"tel\"  aria-invalid='false' aria-required=\"true\"><\/div><\/div><div class='ff-el-group'><div class=\"ff-el-input--label ff-el-is-required asterisk-right\"><label for='ff_8_datetime' aria-label=\"Date of birth\">Date of birth<\/label><\/div><div class='ff-el-input--content'><input  aria-label='Date of birth Use arrow keys to navigate dates. Press enter to select a date.'  aria-haspopup='dialog' data-type-datepicker data-format='d\/m\/Y' type=\"text\" name=\"datetime\" id=\"ff_8_datetime\" class=\"ff-el-form-control ff-el-datepicker\" data-name=\"datetime\"  aria-invalid='false' aria-required=\"true\"><\/div><\/div><div class='ff-el-group'><div class=\"ff-el-input--label ff-el-is-required asterisk-right\"><label for='ff_8_dropdown' aria-label=\"Island\">Island<\/label><\/div><div class='ff-el-input--content'><select name=\"dropdown\" id=\"ff_8_dropdown\" class=\"ff-el-form-control\" data-name=\"dropdown\" data-calc_value=\"0\"  aria-invalid=\"false\" aria-required=\"true\"><option value=\"\">- Select -<\/option><option value=\"Santa Luzia\"  >St Lucia<\/option><option value=\"S\u00e3o Vicente\"  >St Vincent<\/option><option value=\"S\u00e3o Nicolau\"  >St Nicholas<\/option><option value=\"Sal\"  >Salt<\/option><option value=\"Boa Vista\"  >Boa Vista<\/option><option value=\"Santo Ant\u00e3o\"  >St Antony<\/option><option value=\"Santiago\"  >Santiago<\/option><option value=\"Fogo\"  >Fire<\/option><option value=\"Brava\"  >Brava<\/option><\/select><\/div><\/div><div class='ff-el-group'><div class=\"ff-el-input--label ff-el-is-required asterisk-right\"><label for='ff_8_dropdown_1' aria-label=\"Level of education\">Level of education<\/label><\/div><div class='ff-el-input--content'><select name=\"dropdown_1\" id=\"ff_8_dropdown_1\" class=\"ff-el-form-control\" data-name=\"dropdown_1\" data-calc_value=\"0\"  aria-invalid=\"false\" aria-required=\"true\"><option value=\"\">- Select -<\/option><option value=\"Ensino Secund\u00e1rio\"  >Secondary education<\/option><option value=\"Curso T\u00e9cnico\"  >Technical Course<\/option><option value=\"Licenciatura\"  >Licence<\/option><option value=\"P\u00f3s-Gradua\u00e7\u00e3o\"  >Postgraduate programme<\/option><\/select><\/div><\/div><div class='ff-el-group'><div class=\"ff-el-input--label asterisk-right\"><label for='ff_8_description' aria-label=\"Relevant professional experience\">Relevant professional experience<\/label><\/div><div class='ff-el-input--content'><textarea aria-invalid=\"false\" aria-required=\"false\" name=\"description\" id=\"ff_8_description\" class=\"ff-el-form-control\" rows=\"3\" cols=\"2\" data-name=\"description\" ><\/textarea><\/div><\/div><div class='ff-el-group'><div class=\"ff-el-input--label asterisk-right\"><label  aria-label=\"Marketing knowledge digital\">Marketing knowledge digital<\/label><\/div><div class='ff-el-input--content'><div class='ff-el-form-check ff-el-form-check-'><label class='ff-el-form-check-label' for=\"checkbox_1_621a34ac018cdc3ac01650748d62d0ae\"><input  type=\"checkbox\" name=\"checkbox_1[]\" data-name=\"checkbox_1\" class=\"ff-el-form-check-input ff-el-form-check-checkbox\" value=\"SEO\"  id='checkbox_1_621a34ac018cdc3ac01650748d62d0ae' aria-label='SEO' aria-invalid='false' aria-required=\"false\"> <span>SEO<\/span><\/label><\/div><div class='ff-el-form-check ff-el-form-check-'><label class='ff-el-form-check-label' for=\"checkbox_1_801a8ee07f1c44f864620b000a1d0047\"><input  type=\"checkbox\" name=\"checkbox_1[]\" data-name=\"checkbox_1\" class=\"ff-el-form-check-input ff-el-form-check-checkbox\" value=\"Webdesign\"  id='checkbox_1_801a8ee07f1c44f864620b000a1d0047' aria-label='Webdesign' aria-invalid='false' aria-required=\"false\"> <span>Webdesign<\/span><\/label><\/div><div class='ff-el-form-check ff-el-form-check-'><label class='ff-el-form-check-label' for=\"checkbox_1_de6c2f7be2473fb65dfb86884ea81afe\"><input  type=\"checkbox\" name=\"checkbox_1[]\" data-name=\"checkbox_1\" class=\"ff-el-form-check-input ff-el-form-check-checkbox\" value=\"Email Marketing\"  id='checkbox_1_de6c2f7be2473fb65dfb86884ea81afe' aria-label='Email Marketing' aria-invalid='false' aria-required=\"false\"> <span>Email Marketing<\/span><\/label><\/div><div class='ff-el-form-check ff-el-form-check-'><label class='ff-el-form-check-label' for=\"checkbox_1_c1af76208131e532ab08787f7f9a28d7\"><input  type=\"checkbox\" name=\"checkbox_1[]\" data-name=\"checkbox_1\" class=\"ff-el-form-check-input ff-el-form-check-checkbox\" value=\"Marketing de redes sociais\"  id='checkbox_1_c1af76208131e532ab08787f7f9a28d7' aria-label='Social media marketing' aria-invalid='false' aria-required=\"false\"> <span>Social media marketing<\/span><\/label><\/div><\/div><\/div><div class='ff-el-group'><div class=\"ff-el-input--label ff-el-is-required asterisk-right\"><label  aria-label=\"Languages\">Languages<\/label><\/div><div class='ff-el-input--content'><div class='ff-el-form-check ff-el-form-check-'><label class='ff-el-form-check-label' for=\"checkbox_37ebc0a566e249991e77fbeb1109e703\"><input  type=\"checkbox\" name=\"checkbox[]\" data-name=\"checkbox\" class=\"ff-el-form-check-input ff-el-form-check-checkbox\" value=\"Portugu\u00eas\"  id='checkbox_37ebc0a566e249991e77fbeb1109e703' aria-label='Portuguese' aria-invalid='false' aria-required=\"true\"> <span>Portuguese<\/span><\/label><\/div><div class='ff-el-form-check ff-el-form-check-'><label class='ff-el-form-check-label' for=\"checkbox_47c3a92de073b7df544993dda9322e20\"><input  type=\"checkbox\" name=\"checkbox[]\" data-name=\"checkbox\" class=\"ff-el-form-check-input ff-el-form-check-checkbox\" value=\"Ingl\u00eas\"  id='checkbox_47c3a92de073b7df544993dda9322e20' aria-label='English' aria-invalid='false' aria-required=\"true\"> <span>English<\/span><\/label><\/div><div class='ff-el-form-check ff-el-form-check-'><label class='ff-el-form-check-label' for=\"checkbox_f3bea838e1fedf49044fd6d8b123ac40\"><input  type=\"checkbox\" name=\"checkbox[]\" data-name=\"checkbox\" class=\"ff-el-form-check-input ff-el-form-check-checkbox\" value=\"Franc\u00eas\"  id='checkbox_f3bea838e1fedf49044fd6d8b123ac40' aria-label='French' aria-invalid='false' aria-required=\"true\"> <span>French<\/span><\/label><\/div><\/div><\/div><div class='ff-el-group'><div class=\"ff-el-input--label ff-el-is-required asterisk-right\"><label for='ff_8_description_1' aria-label=\"Why do you want to work with Morabeza Digital?\">Why do you want to work with Morabeza Digital?<\/label><\/div><div class='ff-el-input--content'><textarea aria-invalid=\"false\" aria-required=\"true\" name=\"description_1\" id=\"ff_8_description_1\" class=\"ff-el-form-control\" rows=\"3\" cols=\"2\" data-name=\"description_1\" ><\/textarea><\/div><\/div><div class='ff-el-group'><div class=\"ff-el-input--label asterisk-right\"><label  aria-label=\"Are you available to work under a service contract?\">Are you available to work under a service contract?<\/label><\/div><div class='ff-el-input--content'><div class='ff-el-form-check ff-el-form-check-'><label class='ff-el-form-check-label' for=\"input_radio_2021369021397a79621fe0a76f1f6d0a\"><input  type=\"radio\" name=\"input_radio\" data-name=\"input_radio\" class=\"ff-el-form-check-input ff-el-form-check-radio\" value=\"Sim\"  id='input_radio_2021369021397a79621fe0a76f1f6d0a' aria-label='Yes' aria-invalid='false' aria-required=\"false\"> <span>Yes<\/span><\/label><\/div><div class='ff-el-form-check ff-el-form-check-'><label class='ff-el-form-check-label' for=\"input_radio_6cdfcca59c0da4e8cf5489b1a56a690a\"><input  type=\"radio\" name=\"input_radio\" data-name=\"input_radio\" class=\"ff-el-form-check-input ff-el-form-check-radio\" value=\"Nao\"  id='input_radio_6cdfcca59c0da4e8cf5489b1a56a690a' aria-label='No' aria-invalid='false' aria-required=\"false\"> <span>No<\/span><\/label><\/div><\/div><\/div><div class='ff-el-group'><div class=\"ff-el-input--label ff-el-is-required asterisk-right\"><label for='ff_8_file-upload_1' aria-label=\"CV upload\">CV upload<\/label><\/div><div class='ff-el-input--content'><label for='ff_8_file-upload_1' class='ff_file_upload_holder'><span class='ff_upload_btn ff-btn' tabindex='0'>Choose the file<\/span> <input type=\"file\" name=\"file-upload\" id=\"ff_8_file-upload_1\" class=\"ff-el-form-control  ff-screen-reader-element\" data-name=\"file-upload\" multiple=\"1\"  aria-invalid='false' aria-required=\"true\"><\/label><\/div><\/div><div class='ff-el-group'><div class=\"ff-el-input--label ff-el-is-required asterisk-right\"><label for='ff_8_file-upload_1_1' aria-label=\"Upload a letter of motivation\">Upload a letter of motivation<\/label><\/div><div class='ff-el-input--content'><label for='ff_8_file-upload_1_1' class='ff_file_upload_holder'><span class='ff_upload_btn ff-btn' tabindex='0'>Choose the file<\/span> <input type=\"file\" name=\"file-upload_1\" id=\"ff_8_file-upload_1_1\" class=\"ff-el-form-control  ff-screen-reader-element\" data-name=\"file-upload_1\" multiple=\"1\"  aria-invalid='false' aria-required=\"true\"><\/label><\/div><\/div><div class='ff-el-group ff-text-left ff_submit_btn_wrapper'><button type=\"submit\" class=\"ff-btn ff-btn-submit ff-btn-md ff_btn_style\" >Send form<\/button><\/div><\/fieldset><input type=\"hidden\" name=\"trp-form-language\" value=\"en\"\/><\/form><div id='fluentform_8_errors' class='ff-errors-in-stack ff_form_instance_8_1 ff-form-loading_errors ff_form_instance_8_1_errors'><\/div><\/div>        <script type=\"text\/javascript\">\n            window.fluent_form_ff_form_instance_8_1 = {\"id\":\"8\",\"settings\":{\"layout\":{\"labelPlacement\":\"top\",\"asteriskPlacement\":\"asterisk-right\",\"helpMessagePlacement\":\"with_label\",\"errorMessagePlacement\":\"inline\",\"cssClassName\":\"\"},\"restrictions\":{\"denyEmptySubmission\":{\"enabled\":false}}},\"form_instance\":\"ff_form_instance_8_1\",\"form_id_selector\":\"fluentform_8\",\"rules\":{\"input_text\":{\"required\":{\"value\":true,\"message\":\"This field is required\",\"global_message\":\"This field is required\",\"global\":true}},\"email\":{\"required\":{\"value\":true,\"message\":\"This field is required\",\"global_message\":\"This field is required\",\"global\":true},\"email\":{\"value\":true,\"message\":\"This field must contain a valid email\",\"global_message\":\"This field must contain a valid email\",\"global\":true}},\"phone\":{\"required\":{\"value\":true,\"global\":true,\"message\":\"This field is required\",\"global_message\":\"This field is required\"},\"valid_phone_number\":{\"value\":false,\"global\":true,\"message\":\"Phone number is not valid\",\"global_message\":\"Phone number is not valid\"}},\"datetime\":{\"required\":{\"value\":true,\"message\":\"This field is required\",\"global_message\":\"This field is required\",\"global\":true}},\"dropdown\":{\"required\":{\"value\":true,\"message\":\"This field is required\",\"global_message\":\"This field is required\",\"global\":true}},\"dropdown_1\":{\"required\":{\"value\":true,\"message\":\"This field is required\",\"global_message\":\"This field is required\",\"global\":true}},\"description\":{\"required\":{\"value\":false,\"message\":\"This field is required\",\"global_message\":\"This field is required\",\"global\":true}},\"checkbox_1\":{\"required\":{\"value\":false,\"message\":\"This field is required\",\"global_message\":\"This field is required\",\"global\":true}},\"checkbox\":{\"required\":{\"value\":true,\"message\":\"This field is required\",\"global_message\":\"This field is required\",\"global\":true}},\"description_1\":{\"required\":{\"value\":true,\"message\":\"This field is required\",\"global_message\":\"This field is required\",\"global\":true}},\"input_radio\":{\"required\":{\"value\":false,\"message\":\"This field is required\",\"global_message\":\"This field is required\",\"global\":true}},\"file-upload\":{\"required\":{\"value\":true,\"message\":\"This field is required\",\"global_message\":\"This field is required\",\"global\":true},\"max_file_size\":{\"value\":10485760,\"_valueFrom\":\"MB\",\"message\":\"Validation fails for maximum file size\",\"global_message\":\"Validation fails for maximum file size\",\"global\":true},\"max_file_count\":{\"value\":1,\"message\":\"Validation fails for maximum file count\",\"global_message\":\"Validation fails for maximum file count\",\"global\":true},\"allowed_file_types\":{\"value\":[\"pdf\",\"doc|ppt|pps|xls|mdb|docx|xlsx|pptx|odt|odp|ods|odg|odc|odb|odf|rtf|txt\"],\"message\":\"Invalid file type\",\"global_message\":\"Invalid file type\",\"global\":true}},\"file-upload_1\":{\"required\":{\"value\":true,\"message\":\"This field is required\",\"global_message\":\"This field is required\",\"global\":true},\"max_file_size\":{\"value\":5242880,\"_valueFrom\":\"MB\",\"message\":\"Validation fails for maximum file size\",\"global_message\":\"Validation fails for maximum file size\",\"global\":true},\"max_file_count\":{\"value\":1,\"message\":\"Validation fails for maximum file count\",\"global_message\":\"Validation fails for maximum file count\",\"global\":true},\"allowed_file_types\":{\"value\":[\"pdf\",\"doc|ppt|pps|xls|mdb|docx|xlsx|pptx|odt|odp|ods|odg|odc|odb|odf|rtf|txt\"],\"message\":\"Invalid file type\",\"global_message\":\"Invalid file type\",\"global\":true}}},\"debounce_time\":300};\n                    <\/script>\n        <\/div><\/div>\n<\/section>","protected":false},"excerpt":{"rendered":"<p>Trabalhar connosco Carreiras na Morabeza DigitalNa Morabeza Digital, ajudamos empresas em todo Cabo Verde a crescer online atrav\u00e9s de web design, SEO, marketing nas redes sociais e gera\u00e7\u00e3o de leads.Para chegar a ainda mais neg\u00f3cios em todas as ilhas, procuramos Agentes Comerciais Independentes para se juntarem \u00e0 nossa equipa em regime de presta\u00e7\u00e3o de servi\u00e7os.Porque [&hellip;]<\/p>","protected":false},"author":5,"featured_media":0,"parent":0,"menu_order":0,"comment_status":"closed","ping_status":"closed","template":"","meta":{"footnotes":"","_breakdance_hide_in_design_set":false,"_breakdance_tags":""},"_links":{"self":[{"href":"https:\/\/morabeza.digital\/en\/wp-json\/wp\/v2\/pages\/3450"}],"collection":[{"href":"https:\/\/morabeza.digital\/en\/wp-json\/wp\/v2\/pages"}],"about":[{"href":"https:\/\/morabeza.digital\/en\/wp-json\/wp\/v2\/types\/page"}],"author":[{"embeddable":true,"href":"https:\/\/morabeza.digital\/en\/wp-json\/wp\/v2\/users\/5"}],"replies":[{"embeddable":true,"href":"https:\/\/morabeza.digital\/en\/wp-json\/wp\/v2\/comments?post=3450"}],"version-history":[{"count":6,"href":"https:\/\/morabeza.digital\/en\/wp-json\/wp\/v2\/pages\/3450\/revisions"}],"predecessor-version":[{"id":3457,"href":"https:\/\/morabeza.digital\/en\/wp-json\/wp\/v2\/pages\/3450\/revisions\/3457"}],"wp:attachment":[{"href":"https:\/\/morabeza.digital\/en\/wp-json\/wp\/v2\/media?parent=3450"}],"curies":[{"name":"wp","href":"https:\/\/api.w.org\/{rel}","templated":true}]}}