{"id":2945,"date":"2025-08-21T11:30:02","date_gmt":"2025-08-21T12:30:02","guid":{"rendered":"https:\/\/morabeza.digital\/?page_id=2945"},"modified":"2025-08-28T12:01:49","modified_gmt":"2025-08-28T13:01:49","slug":"transformacao-digital","status":"publish","type":"page","link":"https:\/\/morabeza.digital\/en\/transformation-digital\/","title":{"rendered":"Digital Transformation in Cape Verde | Morabeza Marketing"},"content":{"rendered":"<section class=\"bde-section-2945-305 bde-section\">\n              \n  \n  \n\t\n\n  <div class=\"section-background-overlay\"><\/div>\n\n\n<div class=\"section-container\"><div class=\"bde-columns-2945-306 bde-columns\"><div class=\"bde-column-2945-307 bde-column\">\n  \n  \n\t\n\n\n\n<div class=\"bde-icon-list-2945-308 bde-icon-list\">\n<ul>\n  \n              \n    <li>\n              <div class='bde-icon-list__item-wrapper'>\n      \n      <span class='bde-icon-list__icon' aria-hidden='true'>\n        <svg xmlns=\"http:\/\/www.w3.org\/2000\/svg\" viewbox=\"0 0 640 512\"><!--! Font Awesome Free 6.5.1 by @fontawesome - https:\/\/fontawesome.com License - https:\/\/fontawesome.com\/license\/free (Icons: CC BY 4.0, Fonts: SIL OFL 1.1, Code: MIT License) Copyright 2023 Fonticons, Inc. --><path d=\"M128 0C110.3 0 96 14.3 96 32V224h96V192c0-35.3 28.7-64 64-64H480V32c0-17.7-14.3-32-32-32H128zM256 160c-17.7 0-32 14.3-32 32v32h96c35.3 0 64 28.7 64 64V416H576c17.7 0 32-14.3 32-32V192c0-17.7-14.3-32-32-32H256zm240 64h32c8.8 0 16 7.2 16 16v32c0 8.8-7.2 16-16 16H496c-8.8 0-16-7.2-16-16V240c0-8.8 7.2-16 16-16zM64 256c-17.7 0-32 14.3-32 32v13L187.1 415.9c1.4 1 3.1 1.6 4.9 1.6s3.5-.6 4.9-1.6L352 301V288c0-17.7-14.3-32-32-32H64zm288 84.8L216 441.6c-6.9 5.1-15.3 7.9-24 7.9s-17-2.8-24-7.9L32 340.8V480c0 17.7 14.3 32 32 32H320c17.7 0 32-14.3 32-32V340.8z\"\/><\/svg>\n      <\/span>\n      <span class='bde-icon-list__text' >\n      Morabeza Marketing \n      <\/span>\n              <\/div>\n      \n    <\/li>\n\n  <\/ul>\n\n<\/div><div class=\"bde-animated-heading-2945-309 bde-animated-heading\">\n<h1 class=\"bde-animated-heading__text\">\n\t<span>Transformation <\/span>\n\n\t<span class=\"bde-animated-heading__wrapper\"><\/span>\n\n\n\n\t<span>in Cape Verde<\/span>\n\n<\/h1>\n\n<noscript>\n      <h1 class=\"bde-animated-heading__noscript\">\n      <span>Transformation <\/span>\n       Digital\n      <span>in Cape Verde<\/span>\n    <\/h1>\n      <h1 class=\"bde-animated-heading__noscript\">\n      <span>Transformation <\/span>\n      virtual\n      <span>in Cape Verde<\/span>\n    <\/h1>\n  <\/noscript>\n<\/div><div class=\"bde-text-2945-310 bde-text\">\nIntegrate innovative technologies into your business to increase efficiency, optimise processes and offer exceptional experiences to your customers.\n<\/div><div class=\"bde-div-2945-311 bde-div\">\n  \n  \n\t\n\n\n\n<div class=\"bde-button-2945-312 bde-button\">\n        \n    \n    \n    \n    \n            \n                    \n            \n            \n\n    \n    \n    \n    \n    \n    <a class=\"breakdance-link button-atom button-atom--primary bde-button__button\" href=\"https:\/\/wa.me\/2385981391\" target=\"_self\" data-type=\"url\" rel=\"noopener noreferrer nofollow\">\n\n    \n        <span class=\"button-atom__text\">Contact us<\/span>\n\n                            \n        \n                <\/a>\n\n    \n\n\n<\/div>\n<\/div>\n<\/div><div class=\"bde-column-2945-313 bde-column\">\n  \n  \n\t\n\n\n\n\n<\/div><\/div><\/div>\n<\/section><section class=\"bde-section-2945-109 bde-section\">\n  \n  \n\t\n\n\n\n<div class=\"section-container\"><div class=\"bde-div-2945-110 bde-div\">\n  \n  \n\t\n\n\n\n<h2 class=\"bde-heading-2945-111 bde-heading\">\nBoost your business through Digital Transformation\n<\/h2><div class=\"bde-rich-text-2945-115 bde-rich-text breakdance-rich-text-styles\">\n<p data-pm-slice=\"1 1 []\">In Cape Verde, more and more companies are realising that the <strong>digital transformation<\/strong> is not just an option, but a way to grow sustainably. At <strong>Morabeza Marketing<\/strong>In Mindelo, we help organisations modernise processes, attract more customers and increase efficiency with digital solutions adapted to the Cape Verdean reality.<\/p><p>A <strong>digital transformation<\/strong> involves introducing tools and strategies that simplify tasks, improve communication and create new business opportunities. It's not a question of suddenly changing everything, but of taking safe, practical steps that bring concrete results.<\/p>\n<\/div>\n<\/div><div class=\"bde-image-2945-114 bde-image\">\n<figure class=\"breakdance-image breakdance-image--2953\">\n\t<div class=\"breakdance-image-container\">\n\t\t<div class=\"breakdance-image-clip\"><img loading=\"lazy\" decoding=\"async\" class=\"breakdance-image-object\" src=\"https:\/\/morabeza.digital\/wp-content\/uploads\/2025\/08\/Transformacao-Digital.webp\" width=\"1200\" height=\"1200\" srcset=\"https:\/\/morabeza.digital\/wp-content\/uploads\/2025\/08\/Transformacao-Digital.webp 1200w, https:\/\/morabeza.digital\/wp-content\/uploads\/2025\/08\/Transformacao-Digital-150x150.webp 150w, https:\/\/morabeza.digital\/wp-content\/uploads\/2025\/08\/Transformacao-Digital-768x768.webp 768w, https:\/\/morabeza.digital\/wp-content\/uploads\/2025\/08\/Transformacao-Digital-12x12.webp 12w, https:\/\/morabeza.digital\/wp-content\/uploads\/2025\/08\/Transformacao-Digital-200x200.webp 200w\" sizes=\"(max-width: 1200px) 100vw, 1200px\" alt=\"\" title=\"\"><\/div>\n\t<\/div><\/figure>\n\n<\/div><div class=\"bde-text-2945-129 bde-text\">\n\n<\/div><\/div>\n<\/section><section class=\"bde-section-2945-203 bde-section\">\n  \n  \n\t\n\n\n\n<div class=\"section-container\"><div class=\"bde-icon-list-2945-268 bde-icon-list\">\n<ul>\n  \n              \n    <li>\n              <div class='bde-icon-list__item-wrapper'>\n      \n      <span class='bde-icon-list__icon' aria-hidden='true'>\n        <svg xmlns=\"http:\/\/www.w3.org\/2000\/svg\" viewbox=\"0 0 512 512\"><!-- Font Awesome Free 5.15.1 by @fontawesome - https:\/\/fontawesome.com License - https:\/\/fontawesome.com\/license\/free (Icons: CC BY 4.0, Fonts: SIL OFL 1.1, Code: MIT License) --><path d=\"M256 8C119.033 8 8 119.033 8 256s111.033 248 248 248 248-111.033 248-248S392.967 8 256 8zm0 48c110.532 0 200 89.451 200 200 0 110.532-89.451 200-200 200-110.532 0-200-89.451-200-200 0-110.532 89.451-200 200-200m140.204 130.267l-22.536-22.718c-4.667-4.705-12.265-4.736-16.97-.068L215.346 303.697l-59.792-60.277c-4.667-4.705-12.265-4.736-16.97-.069l-22.719 22.536c-4.705 4.667-4.736 12.265-.068 16.971l90.781 91.516c4.667 4.705 12.265 4.736 16.97.068l172.589-171.204c4.704-4.668 4.734-12.266.067-16.971z\"\/><\/svg>\n      <\/span>\n      <span class='bde-icon-list__text' >\n      Our advantages\n      <\/span>\n              <\/div>\n      \n    <\/li>\n\n  <\/ul>\n\n<\/div><div class=\"bde-columns-2945-204 bde-columns\"><div class=\"bde-column-2945-205 bde-column\">\n  \n  \n\t\n\n\n\n<div class=\"bde-image-2945-206 bde-image\" data-entrance=\"slideLeft\" data-parallax=\"true\">\n<figure class=\"breakdance-image breakdance-image--2676\">\n\t<div class=\"breakdance-image-container\">\n\t\t<div class=\"breakdance-image-clip\"><img loading=\"lazy\" decoding=\"async\" class=\"breakdance-image-object\" src=\"https:\/\/morabeza.digital\/wp-content\/uploads\/2025\/04\/market12.png\" width=\"1500\" height=\"1500\" srcset=\"https:\/\/morabeza.digital\/wp-content\/uploads\/2025\/04\/market12.png 1500w, https:\/\/morabeza.digital\/wp-content\/uploads\/2025\/04\/market12-150x150.png 150w, https:\/\/morabeza.digital\/wp-content\/uploads\/2025\/04\/market12-768x768.png 768w, https:\/\/morabeza.digital\/wp-content\/uploads\/2025\/04\/market12-12x12.png 12w, https:\/\/morabeza.digital\/wp-content\/uploads\/2025\/04\/market12-200x200.png 200w\" sizes=\"(max-width: 1500px) 100vw, 1500px\" alt=\"\" title=\"\"><\/div>\n\t<\/div><\/figure>\n\n<\/div>\n<\/div><div class=\"bde-column-2945-207 bde-column\">\n  \n  \n\t\n\n\n\n<div class=\"bde-div-2945-208 bde-div\">\n  \n  \n\t\n\n\n\n<h2 class=\"bde-heading-2945-209 bde-heading\" data-entrance=\"slideLeft\">\nKey Areas of Digital Transformation with Examples\n<\/h2><div class=\"bde-rich-text-2945-210 bde-rich-text breakdance-rich-text-styles\" data-entrance=\"slideLeft\">\n<ul data-pm-slice=\"3 3 []\"><li><p><strong>Financial Information Systems<\/strong><br \/>Implementation of electronic invoicing and digital payment software.<br \/><em>Practical example:<\/em> a small restaurant in Mindelo is using POS connected to digital reports. This makes it possible to know which dishes sell the most and to manage stock better.<\/p><\/li><li><p><strong>Business Process Automation<\/strong><br \/>Digitising internal and external routines, from inventory management to customer service.<br \/><em>Practical example:<\/em> a shop in Praia stops registering orders manually and starts receiving orders via a digital platform with automatic notifications.<\/p><\/li><li><p><strong>Modern Digital Tools<\/strong><br \/>Use of collaborative software and the cloud to energise teamwork.<br \/><em>Practical example:<\/em> a tour company uses shared digital diaries to coordinate local guides, avoiding mistakes when booking excursions.<\/p><\/li><li><p><strong>Digital Skills<\/strong><br \/>Training teams in basic and advanced tools.<br \/><em>Practical example:<\/em> employees at a clinic in S\u00e3o Vicente learn to use videoconferencing platforms, improving communication with international partners.<\/p><\/li><\/ul>\n<\/div>\n<\/div>\n<\/div><\/div><\/div>\n<\/section><section class=\"bde-section-2945-231 bde-section\">\n  \n  \n\t\n\n\n\n<div class=\"section-container\"><div class=\"bde-icon-list-2945-270 bde-icon-list\">\n<ul>\n  \n              \n    <li>\n              <div class='bde-icon-list__item-wrapper'>\n      \n      <span class='bde-icon-list__icon' aria-hidden='true'>\n        <svg xmlns=\"http:\/\/www.w3.org\/2000\/svg\" viewbox=\"0 0 512 512\"><!-- Font Awesome Free 5.15.1 by @fontawesome - https:\/\/fontawesome.com License - https:\/\/fontawesome.com\/license\/free (Icons: CC BY 4.0, Fonts: SIL OFL 1.1, Code: MIT License) --><path d=\"M256 8C119.033 8 8 119.033 8 256s111.033 248 248 248 248-111.033 248-248S392.967 8 256 8zm0 48c110.532 0 200 89.451 200 200 0 110.532-89.451 200-200 200-110.532 0-200-89.451-200-200 0-110.532 89.451-200 200-200m140.204 130.267l-22.536-22.718c-4.667-4.705-12.265-4.736-16.97-.068L215.346 303.697l-59.792-60.277c-4.667-4.705-12.265-4.736-16.97-.069l-22.719 22.536c-4.705 4.667-4.736 12.265-.068 16.971l90.781 91.516c4.667 4.705 12.265 4.736 16.97.068l172.589-171.204c4.704-4.668 4.734-12.266.067-16.971z\"\/><\/svg>\n      <\/span>\n      <span class='bde-icon-list__text' >\n      Why us\n      <\/span>\n              <\/div>\n      \n    <\/li>\n\n  <\/ul>\n\n<\/div><div class=\"bde-columns-2945-232 bde-columns\"><div class=\"bde-column-2945-233 bde-column\">\n  \n  \n\t\n\n\n\n<h2 class=\"bde-heading-2945-236 bde-heading\">\nExamples of Digital Solutions we have applied\n<\/h2><div class=\"bde-rich-text-2945-237 bde-rich-text breakdance-rich-text-styles\">\n<ul data-pm-slice=\"3 3 []\"><li><p><strong>Professional Website Creation<\/strong><br \/>Dynamic websites with online booking and payment.<br \/><em>Practical example:<\/em> a local accommodation in Santo Ant\u00e3o receives direct bookings through its website, without having to rely solely on international platforms.<\/p><\/li><li><p><strong>Strategic Management of Social Networks in Cape Verde<\/strong><br \/>Optimising Facebook and Instagram pages to reach more customers.<br \/><em>Practical example:<\/em> a language school in Praia attracts new students by publishing short videos of lessons and using targeted adverts for young Cape Verdeans.<\/p><\/li><li><p><strong>Search Engine Optimisation (SEO)<\/strong><br \/>Position your company in search engines for local customers and visitors.<br \/><em>Practical example:<\/em> a car hire service appears among the first results on Google when tourists search for \"rent a car Cabo Verde\".<\/p><\/li><li><p><strong>Chatbot integration<\/strong><br \/>Automated service on websites and social networks.<br \/><em>Practical example:<\/em> a clothing shop in Mindelo has installed a chatbot on Facebook Messenger that answers frequent questions about opening hours and product availability.<\/p><\/li><li><p><strong>Online Evaluation and Feedback Systems<\/strong><br \/>Reputation monitoring through digital tools.<br \/><em>Practical example:<\/em> a hotel in Sal automatically collects customer reviews after their stay and responds quickly to reviews on Google.<\/p><\/li><\/ul>\n<\/div>\n<\/div><div class=\"bde-column-2945-234 bde-column\">\n  \n  \n\t\n\n\n\n<img decoding=\"async\" class=\"bde-image2-2945-235 bde-image2\" src=\"https:\/\/morabeza.digital\/wp-content\/uploads\/2025\/08\/Digitais-que-Aplicamos.webp\" loading=\"lazy\" srcset=\"https:\/\/morabeza.digital\/wp-content\/uploads\/2025\/08\/Digitais-que-Aplicamos.webp 600w, https:\/\/morabeza.digital\/wp-content\/uploads\/2025\/08\/Digitais-que-Aplicamos-6x12.webp 6w\" sizes=\"(max-width: 600px) 100vw, 600px\" alt=\"\" title=\"\">\n<\/div><\/div><\/div>\n<\/section><section class=\"bde-section-2945-238 bde-section\">\n  \n  \n\t\n\n\n\n<div class=\"section-container\"><div class=\"bde-icon-list-2945-271 bde-icon-list\">\n<ul>\n  \n              \n    <li>\n              <div class='bde-icon-list__item-wrapper'>\n      \n      <span class='bde-icon-list__icon' aria-hidden='true'>\n        <svg xmlns=\"http:\/\/www.w3.org\/2000\/svg\" viewbox=\"0 0 512 512\"><!-- Font Awesome Free 5.15.1 by @fontawesome - https:\/\/fontawesome.com License - https:\/\/fontawesome.com\/license\/free (Icons: CC BY 4.0, Fonts: SIL OFL 1.1, Code: MIT License) --><path d=\"M256 8C119.033 8 8 119.033 8 256s111.033 248 248 248 248-111.033 248-248S392.967 8 256 8zm0 48c110.532 0 200 89.451 200 200 0 110.532-89.451 200-200 200-110.532 0-200-89.451-200-200 0-110.532 89.451-200 200-200m140.204 130.267l-22.536-22.718c-4.667-4.705-12.265-4.736-16.97-.068L215.346 303.697l-59.792-60.277c-4.667-4.705-12.265-4.736-16.97-.069l-22.719 22.536c-4.705 4.667-4.736 12.265-.068 16.971l90.781 91.516c4.667 4.705 12.265 4.736 16.97.068l172.589-171.204c4.704-4.668 4.734-12.266.067-16.971z\"\/><\/svg>\n      <\/span>\n      <span class='bde-icon-list__text' >\n      Trust us\n      <\/span>\n              <\/div>\n      \n    <\/li>\n\n  <\/ul>\n\n<\/div><div class=\"bde-columns-2945-239 bde-columns\"><div class=\"bde-column-2945-240 bde-column\">\n  \n  \n\t\n\n\n\n<img decoding=\"async\" class=\"bde-image2-2945-243 bde-image2\" src=\"https:\/\/morabeza.digital\/wp-content\/uploads\/2025\/04\/design1.3.png\" loading=\"lazy\" srcset=\"https:\/\/morabeza.digital\/wp-content\/uploads\/2025\/04\/design1.3.png 1500w, https:\/\/morabeza.digital\/wp-content\/uploads\/2025\/04\/design1.3-150x150.png 150w, https:\/\/morabeza.digital\/wp-content\/uploads\/2025\/04\/design1.3-768x768.png 768w, https:\/\/morabeza.digital\/wp-content\/uploads\/2025\/04\/design1.3-12x12.png 12w, https:\/\/morabeza.digital\/wp-content\/uploads\/2025\/04\/design1.3-200x200.png 200w\" sizes=\"(max-width: 1500px) 100vw, 1500px\" alt=\"\" title=\"\">\n<\/div><div class=\"bde-column-2945-241 bde-column\">\n  \n  \n\t\n\n\n\n<h2 class=\"bde-heading-2945-244 bde-heading\">\nClear Benefits for Your Business\n<\/h2><div class=\"bde-rich-text-2945-245 bde-rich-text breakdance-rich-text-styles\">\n<p data-pm-slice=\"1 3 []\">Investing in <strong>digital transformation in Cape Verde<\/strong> brings results that can be felt on a daily basis:<\/p><ul><li><p><strong>Operational efficiency<\/strong><br \/>Automate repetitive tasks and gain more time for what matters.<\/p><\/li><li><p><strong>Greater Online Visibility<\/strong><br \/>Local and international clients find your business more easily.<\/p><\/li><li><p><strong>Better Customer Experience<\/strong><br \/>Fast service, accessible digital channels and personalised responses.<\/p><\/li><li><p><strong>Market expansion<\/strong><br \/>Reach new niches and tourists who depend on online searches.<\/p><\/li><li><p><strong>Data-driven decisions<\/strong><br \/>Use digital reports to evaluate the company's real performance.<\/p><\/li><\/ul>\n<\/div>\n<\/div><\/div><div class=\"bde-text-2945-272 bde-text\">\n\n<\/div><\/div>\n<\/section><section id=\"bd-entrance-image-anim2\" class=\"bde-section-2945-171 bde-section\">\n  \n  \n\t\n\n\n\n<div class=\"section-container\"><div class=\"bde-columns-2945-172 bde-columns\"><div class=\"bde-column-2945-173 bde-column\">\n  \n  \n\t\n\n\n\n<h2 class=\"bde-heading-2945-174 bde-heading\">\nMorabeza Marketing: <br>Your Partner in Digital Transformation\n<\/h2><div class=\"bde-rich-text-2945-183 bde-rich-text breakdance-rich-text-styles\">\n<p data-pm-slice=\"1 1 []\">In <strong>Morabeza Marketing<\/strong>In our Mindelo office, we help Cape Verdean companies make the leap into the digital world in a practical and efficient way. From the initial diagnosis to the implementation of solutions, we ensure that each project is aligned with your objectives.<\/p><p>If your company in Cape Verde wants to increase its digital presence, we're ready to help.<\/p>\n<\/div>\n<\/div><div class=\"bde-column-2945-179 bde-column\">\n  \n  \n\t\n\n\n\n<div class=\"bde-div-2945-180 bde-div\">\n  \n  \n\t\n\n\n\n<div class=\"bde-div-2945-181 bde-div\" data-parallax=\"true\">\n  \n  \n\t\n\n\n\n\n<\/div><div class=\"bde-image-2945-182 bde-image\" data-parallax=\"true\">\n<figure class=\"breakdance-image breakdance-image--3247\">\n\t<div class=\"breakdance-image-container\">\n\t\t<div class=\"breakdance-image-clip\"><img loading=\"lazy\" decoding=\"async\" class=\"breakdance-image-object\" src=\"https:\/\/morabeza.digital\/wp-content\/uploads\/2025\/08\/seo008.webp\" width=\"1500\" height=\"1500\" srcset=\"https:\/\/morabeza.digital\/wp-content\/uploads\/2025\/08\/seo008.webp 1500w, https:\/\/morabeza.digital\/wp-content\/uploads\/2025\/08\/seo008-150x150.webp 150w, https:\/\/morabeza.digital\/wp-content\/uploads\/2025\/08\/seo008-768x768.webp 768w, https:\/\/morabeza.digital\/wp-content\/uploads\/2025\/08\/seo008-12x12.webp 12w, https:\/\/morabeza.digital\/wp-content\/uploads\/2025\/08\/seo008-200x200.webp 200w\" sizes=\"(max-width: 1500px) 100vw, 1500px\" alt=\"\" title=\"\"><\/div>\n\t<\/div><\/figure>\n\n<\/div>\n<\/div>\n<\/div><\/div><\/div>\n<\/section><section class=\"bde-section-2945-295 bde-section\">\n  \n  \n\t\n\n\n\n<div class=\"section-container\"><div class=\"bde-div-2945-300 bde-div\">\n  \n  \n\t\n\n\n\n<h3 class=\"bde-heading-2945-299 bde-heading\" data-entrance=\"zoomIn\">\n Contact us today and find out how to transform your business with tailor-made digital solutions\n<\/h3><div class=\"bde-shortcode-2945-264 bde-shortcode\"><div class='fluentform ff-default fluentform_wrapper_6 ffs_default_wrap'><form data-form_id=\"6\" id=\"fluentform_6\" class=\"frm-fluent-form fluent_form_6 ff-el-form-top ff_form_instance_6_1 ff-form-loading ffs_default\" data-form_instance=\"ff_form_instance_6_1\" method=\"POST\" action=\"\" ><fieldset  style=\"border: none!important;margin: 0!important;padding: 0!important;background-color: transparent!important;box-shadow: none!important;outline: none!important; min-inline-size: 100%;\">\n                    <legend class=\"ff_screen_reader_title\" style=\"display: block; margin: 0!important;padding: 0!important;height: 0!important;text-indent: -999999px;width: 0!important;overflow:hidden;\">New Contact Form<\/legend><input type='hidden' name='__fluent_form_embded_post_id' value='2945' \/><input type=\"hidden\" id=\"_fluentform_6_fluentformnonce\" name=\"_fluentform_6_fluentformnonce\" value=\"b7182e8fe0\" \/><input type=\"hidden\" name=\"_wp_http_referer\" value=\"\/en\/wp-json\/wp\/v2\/pages\/2945\" \/><div data-type=\"name-element\" data-name=\"names\" class=\"ff-field_container ff-name-field-wrapper\" ><div class='ff-t-container'><div class='ff-t-cell'><div class='ff-el-group'><div class=\"ff-el-input--label asterisk-right\"><label for='ff_6_names_first_name_' >Name<\/label><\/div><div class='ff-el-input--content'><input type=\"text\" name=\"names[first_name]\" id=\"ff_6_names_first_name_\" class=\"ff-el-form-control\" aria-invalid=\"false\" aria-required=\"false\"><\/div><\/div><\/div><div class='ff-t-cell'><div class='ff-el-group'><div class=\"ff-el-input--label asterisk-right\"><label for='ff_6_names_last_name_' >Surname<\/label><\/div><div class='ff-el-input--content'><input type=\"text\" name=\"names[last_name]\" id=\"ff_6_names_last_name_\" class=\"ff-el-form-control\" aria-invalid=\"false\" aria-required=\"false\"><\/div><\/div><\/div><\/div><\/div><div class='ff-el-group ff-el-form-left'><div class=\"ff-el-input--label asterisk-right\"><label for='ff_6_email' aria-label=\"Email\">Email<\/label><div class=\"ff-el-tooltip\" data-content=\"N:B: We will send you an email describing how to activate your newsletter subscription.\"><svg width=\"16\" height=\"16\" viewbox=\"0 0 25 25\"><path d=\"m329 393l0-46c0-2-1-4-2-6-2-2-4-3-7-3l-27 0 0-146c0-3-1-5-3-7-2-1-4-2-7-2l-91 0c-3 0-5 1-7 2-1 2-2 4-2 7l0 46c0 2 1 5 2 6 2 2 4 3 7 3l27 0 0 91-27 0c-3 0-5 1-7 3-1 2-2 4-2 6l0 46c0 3 1 5 2 7 2 1 4 2 7 2l128 0c3 0 5-1 7-2 1-2 2-4 2-7z m-36-256l0-46c0-2-1-4-3-6-2-2-4-3-7-3l-54 0c-3 0-5 1-7 3-2 2-3 4-3 6l0 46c0 3 1 5 3 7 2 1 4 2 7 2l54 0c3 0 5-1 7-2 2-2 3-4 3-7z m182 119c0 40-9 77-29 110-20 34-46 60-80 80-33 20-70 29-110 29-40 0-77-9-110-29-34-20-60-46-80-80-20-33-29-70-29-110 0-40 9-77 29-110 20-34 46-60 80-80 33-20 70-29 110-29 40 0 77 9 110 29 34 20 60 46 80 80 20 33 29 70 29 110z\" transform=\"scale(0.046875 0.046875)\"><\/path><\/svg><\/div><\/div><div class='ff-el-input--content'><input type=\"email\" name=\"email\" id=\"ff_6_email\" class=\"ff-el-form-control\" data-name=\"email\"  aria-invalid=\"false\" aria-required=\"false\"><\/div><\/div><div class='ff-el-group'><div class='ff-el-input--content'><div class='ff-el-form-check ff-el-form-check-'><label class='ff-el-form-check-label' for=\"checkbox_ccbfa717841e4d8be3f11116760ff100\"><input  type=\"checkbox\" name=\"checkbox[]\" data-name=\"checkbox\" class=\"ff-el-form-check-input ff-el-form-check-checkbox\" value=\"Aceito receber actualiza\u00e7\u00f5es e promo\u00e7\u00f5es por correio eletr\u00f3nico\"  id='checkbox_ccbfa717841e4d8be3f11116760ff100' aria-label='I agree to receive updates and promotions by email' aria-invalid='false' aria-required=\"false\"> <span>I agree to receive updates and promotions by email<\/span><\/label><\/div><\/div><\/div><div class='ff-el-group ff-text-left ff_submit_btn_wrapper'><button type=\"submit\" class=\"ff-btn ff-btn-submit ff-btn-md ff_btn_style wpf_has_custom_css\" >Send<\/button><\/div><\/fieldset><input type=\"hidden\" name=\"trp-form-language\" value=\"en\"\/><\/form><div id='fluentform_6_errors' class='ff-errors-in-stack ff_form_instance_6_1 ff-form-loading_errors ff_form_instance_6_1_errors'><\/div><\/div>        <script type=\"text\/javascript\">\n            window.fluent_form_ff_form_instance_6_1 = {\"id\":\"6\",\"settings\":{\"layout\":{\"labelPlacement\":\"top\",\"asteriskPlacement\":\"asterisk-right\",\"helpMessagePlacement\":\"with_label\",\"errorMessagePlacement\":\"inline\",\"cssClassName\":\"\"},\"restrictions\":{\"denyEmptySubmission\":{\"enabled\":false}}},\"form_instance\":\"ff_form_instance_6_1\",\"form_id_selector\":\"fluentform_6\",\"rules\":{\"names[first_name]\":{\"required\":{\"value\":false,\"message\":\"This field is required\",\"global\":true,\"global_message\":\"This field is required\"}},\"names[middle_name]\":{\"required\":{\"value\":false,\"message\":\"This field is required\",\"global\":true,\"global_message\":\"This field is required\"}},\"names[last_name]\":{\"required\":{\"value\":false,\"message\":\"This field is required\",\"global\":true,\"global_message\":\"This field is required\"}},\"email\":{\"required\":{\"value\":false,\"message\":\"This field is required\",\"global\":true,\"global_message\":\"This field is required\"},\"email\":{\"value\":true,\"message\":\"This field must contain a valid email\",\"global\":true,\"global_message\":\"This field must contain a valid email\"}},\"checkbox\":{\"required\":{\"value\":false,\"message\":\"This field is required\",\"global_message\":\"This field is required\",\"global\":true}}},\"debounce_time\":300};\n                    <\/script>\n        <\/div>\n<\/div><div class=\"bde-div-2945-297 bde-div\" data-parallax=\"true\">\n  \n  \n\t\n\n\n\n\n<\/div><div class=\"bde-div-2945-298 bde-div\" data-parallax=\"true\">\n  \n  \n\t\n\n\n\n\n<\/div><\/div>\n<\/section>","protected":false},"excerpt":{"rendered":"<p>Morabeza Marketing Transforma\u00e7\u00e3o em Cabo Verde Transforma\u00e7\u00e3o Digital em Cabo Verde Transforma\u00e7\u00e3o virtual em Cabo Verde Integre tecnologias inovadoras ao seu neg\u00f3cio para aumentar a efici\u00eancia, otimizar processos e oferecer experi\u00eancias excepcionais aos seus clientes. Entre em Contato Potencie o seu neg\u00f3cio atrav\u00e9s da Transforma\u00e7\u00e3o Digital Em Cabo Verde, cada vez mais empresas percebem que [&hellip;]<\/p>","protected":false},"author":9,"featured_media":0,"parent":0,"menu_order":0,"comment_status":"closed","ping_status":"closed","template":"","meta":{"footnotes":"","_breakdance_hide_in_design_set":false,"_breakdance_tags":""},"_links":{"self":[{"href":"https:\/\/morabeza.digital\/en\/wp-json\/wp\/v2\/pages\/2945"}],"collection":[{"href":"https:\/\/morabeza.digital\/en\/wp-json\/wp\/v2\/pages"}],"about":[{"href":"https:\/\/morabeza.digital\/en\/wp-json\/wp\/v2\/types\/page"}],"author":[{"embeddable":true,"href":"https:\/\/morabeza.digital\/en\/wp-json\/wp\/v2\/users\/9"}],"replies":[{"embeddable":true,"href":"https:\/\/morabeza.digital\/en\/wp-json\/wp\/v2\/comments?post=2945"}],"version-history":[{"count":10,"href":"https:\/\/morabeza.digital\/en\/wp-json\/wp\/v2\/pages\/2945\/revisions"}],"predecessor-version":[{"id":3435,"href":"https:\/\/morabeza.digital\/en\/wp-json\/wp\/v2\/pages\/2945\/revisions\/3435"}],"wp:attachment":[{"href":"https:\/\/morabeza.digital\/en\/wp-json\/wp\/v2\/media?parent=2945"}],"curies":[{"name":"wp","href":"https:\/\/api.w.org\/{rel}","templated":true}]}}