{"id":2717,"date":"2025-09-16T12:44:43","date_gmt":"2025-09-16T13:44:43","guid":{"rendered":"https:\/\/morabeza.digital\/?page_id=2717"},"modified":"2025-09-16T14:36:34","modified_gmt":"2025-09-16T15:36:34","slug":"sobre-nos","status":"publish","type":"page","link":"https:\/\/morabeza.digital\/en\/about-us\/","title":{"rendered":"About Us"},"content":{"rendered":"<section class=\"bde-section-2717-100 bde-section\">\n  \n  \n\t\n\n\n\n<div class=\"section-container\"><h1 class=\"bde-heading-2717-101 bde-heading\">\nAbout Morabeza Marketing \n<\/h1><div class=\"bde-rich-text-2717-102 bde-rich-text breakdance-rich-text-styles\">\n<p>A <strong data-start=\"113\" data-end=\"133\">Morabeza Digital<\/strong>based in <strong data-start=\"147\" data-end=\"170\">Mindelo, Cape Verde<\/strong>is an agency dedicated to helping local and international companies grow in the digital environment. Through innovative solutions in <strong data-start=\"302\" data-end=\"366\">digital, SEO marketing, social media, web design and automation<\/strong>We work to increase brand visibility, attract customers and transform results. Our commitment is to combine proximity, creativity and strategy to boost business in Cape Verde and beyond.<\/p>\n<\/div><h2 class=\"bde-heading-2717-103 bde-heading\">\nAbout Jo Konings\n<\/h2><div class=\"bde-rich-text-2717-104 bde-rich-text breakdance-rich-text-styles\">\n<p data-start=\"257\" data-end=\"458\">A <strong data-start=\"259\" data-end=\"281\">Morabeza Marketing<\/strong> is led by <strong data-start=\"297\" data-end=\"311\">Jo Konings<\/strong>, digital entrepreneur and consultant with an international career spanning more than two decades in <strong data-start=\"404\" data-end=\"455\">retail, marketing, SEO and transformation digital<\/strong>.<\/p><p data-start=\"460\" data-end=\"870\">With solid experience in management positions at <strong data-start=\"511\" data-end=\"531\">retail sector<\/strong> and as the founder of successful digital projects, Jo has specialised in helping companies grow through <strong data-start=\"640\" data-end=\"691\">results-orientated digital strategies<\/strong>. Your vision combines <strong data-start=\"713\" data-end=\"804\">omnichannel marketing, SEO, social media management, copywriting and process automation<\/strong>always with a focus on <strong data-start=\"825\" data-end=\"867\">attract, convert and retain customers<\/strong>.<\/p><h3 data-start=\"872\" data-end=\"900\">Experience and Training<\/h3><ul data-start=\"901\" data-end=\"1516\"><li data-start=\"901\" data-end=\"999\"><p data-start=\"903\" data-end=\"999\"><strong data-start=\"903\" data-end=\"934\">Founder &amp; Chief Inspirator<\/strong> in <strong data-start=\"938\" data-end=\"968\">Solutional Webdesign &amp; SEO<\/strong> e <strong data-start=\"971\" data-end=\"996\">Smoothie Social Media<\/strong>.<\/p><\/li><li data-start=\"1000\" data-end=\"1195\"><p data-start=\"1002\" data-end=\"1195\">Experience in commercial and marketing leadership in leading companies such as <strong data-start=\"1085\" data-end=\"1106\">Carrefour Belgium<\/strong> (more than 100 employees under management and more than \u20ac100m in annual sales).<\/p><\/li><li data-start=\"1196\" data-end=\"1260\"><p data-start=\"1198\" data-end=\"1260\"><strong data-start=\"1198\" data-end=\"1257\">Certification in SEO (<a href=\"https:\/\/www.ucdavis.edu\/\" target=\"_blank\" rel=\"noopener noreferrer nofollow\">University of California, Davis<\/a>)<\/strong>.<\/p><\/li><li data-start=\"1261\" data-end=\"1371\"><p data-start=\"1263\" data-end=\"1371\"><a href=\"https:\/\/www.facebook.com\/business\/learn\/social-media-marketing-certificate-coursera\" target=\"_blank\" rel=\"noopener noreferrer nofollow\"><strong data-start=\"1263\" data-end=\"1319\">Meta Social Media Marketing Professional Certificate<\/strong><\/a> e <strong data-start=\"1322\" data-end=\"1368\">Meta Certified Digital Marketing Associate<\/strong>.<\/p><\/li><li data-start=\"1372\" data-end=\"1516\"><p data-start=\"1374\" data-end=\"1516\">Training in <strong data-start=\"1386\" data-end=\"1447\">Entrepreneurship in Emerging Economies (<a href=\"https:\/\/harvardonline.harvard.edu\/course\" target=\"_blank\" rel=\"noopener noreferrer nofollow\">Harvard Online<\/a>)<\/strong> and in <strong data-start=\"1453\" data-end=\"1513\">Omnichannel Marketing &amp; Innovation (<a href=\"https:\/\/www.vlerick.com\/en\/about-vlerick\/our-campuses\/brussels-campus\/\" target=\"_blank\" rel=\"noopener noreferrer nofollow\">Vlerick Business School<\/a>)<\/strong>.<\/p><\/li><\/ul><h3 data-start=\"1518\" data-end=\"1542\">Key competences<\/h3><ul data-start=\"1543\" data-end=\"2177\"><li data-start=\"1543\" data-end=\"1700\"><p data-start=\"1545\" data-end=\"1700\"><a href=\"https:\/\/morabeza.digital\/seocaboverde\/\"><strong data-start=\"1545\" data-end=\"1576\">SEO &amp; Content Marketing<\/strong><\/a>: optimising websites for search engines, creating strategies for organic visibility and sustainable growth.<\/p><\/li><li data-start=\"1701\" data-end=\"1796\"><p data-start=\"1703\" data-end=\"1796\"><a href=\"https:\/\/morabeza.digital\/marketing-de-redes-sociais-em-cabo-verde\/\"><strong data-start=\"1703\" data-end=\"1730\">Social Media Management<\/strong><\/a>planning and executing high-impact digital campaigns.<\/p><\/li><li data-start=\"1797\" data-end=\"1919\"><p data-start=\"1799\" data-end=\"1919\"><strong data-start=\"1799\" data-end=\"1840\"><a href=\"https:\/\/morabeza.digital\/webdesign-caboverde\/\">Webdesign<\/a> &amp; User Experience<\/strong>: development of modern, responsive and conversion-orientated websites.<\/p><\/li><li data-start=\"1920\" data-end=\"2031\"><p data-start=\"1922\" data-end=\"2031\"><a href=\"https:\/\/morabeza.digital\/automatizacao-de-processos-empresariais\/\"><strong data-start=\"1922\" data-end=\"1945\">Digital Automations<\/strong><\/a>: implementing intelligent flows to scale processes and increase efficiency.<\/p><\/li><li data-start=\"2032\" data-end=\"2177\"><p data-start=\"2034\" data-end=\"2177\"><a href=\"https:\/\/morabeza.digital\/plano-de-marketing\/\"><strong data-start=\"2034\" data-end=\"2061\">Strategic Consultancy<\/strong><\/a>Definition of digital marketing plans and brand positioning adapted to local and international markets.<\/p><\/li><\/ul><h3 data-start=\"2179\" data-end=\"2192\">Languages<\/h3><p data-start=\"2193\" data-end=\"2223\">Jo communicates fluently in<\/p><ul data-start=\"2224\" data-end=\"2304\"><li data-start=\"2224\" data-end=\"2241\"><p data-start=\"2226\" data-end=\"2241\"><strong data-start=\"2226\" data-end=\"2239\">Portuguese<\/strong><\/p><\/li><li data-start=\"2242\" data-end=\"2256\"><p data-start=\"2244\" data-end=\"2256\"><strong data-start=\"2244\" data-end=\"2254\">English<\/strong><\/p><\/li><li data-start=\"2257\" data-end=\"2272\"><p data-start=\"2259\" data-end=\"2272\"><strong data-start=\"2259\" data-end=\"2270\">French<\/strong><\/p><\/li><li data-start=\"2273\" data-end=\"2289\"><p data-start=\"2275\" data-end=\"2289\"><strong data-start=\"2275\" data-end=\"2287\">Dutch<\/strong><\/p><\/li><li data-start=\"2290\" data-end=\"2304\"><p data-start=\"2292\" data-end=\"2304\"><strong data-start=\"2292\" data-end=\"2302\">German<\/strong><\/p><\/li><\/ul><p data-start=\"2306\" data-end=\"2469\">This linguistic versatility allows Morabeza Marketing to work with clients from different countries and adapt communication strategies to different audiences.<\/p><p data-start=\"2471\" data-end=\"2594\">\u27a1\ufe0f Find out more about your career at <strong data-start=\"2513\" data-end=\"2591\"><a class=\"decorated-link\" href=\"https:\/\/www.linkedin.com\/in\/jo-konings-09883014\/\" target=\"_blank\" rel=\"noopener noreferrer nofollow\" data-start=\"2515\" data-end=\"2589\">Jo Konings' LinkedIn<\/a><\/strong>.<\/p>\n<\/div><h2 class=\"bde-heading-2717-105 bde-heading\">\nOur Team\n<\/h2><div class=\"bde-rich-text-2717-106 bde-rich-text breakdance-rich-text-styles\">\n<p data-start=\"2621\" data-end=\"2795\">Morabeza Marketing is more than a visionary founder: it's a <strong data-start=\"2686\" data-end=\"2732\">multidisciplinary team of 5 specialists<\/strong>Each one is dedicated to an essential area of digital marketing:<\/p><ul data-start=\"2797\" data-end=\"3341\"><li data-start=\"2797\" data-end=\"2885\"><p data-start=\"2799\" data-end=\"2885\"><strong data-start=\"2799\" data-end=\"2826\">Social Media Management<\/strong> - creating engaging content and effective campaigns.<\/p><\/li><li data-start=\"2886\" data-end=\"2989\"><p data-start=\"2888\" data-end=\"2989\"><strong data-start=\"2888\" data-end=\"2901\">Webdesign<\/strong> - design and development of fast, secure and results-orientated websites.<\/p><\/li><li data-start=\"2990\" data-end=\"3110\"><p data-start=\"2992\" data-end=\"3110\"><strong data-start=\"2992\" data-end=\"3013\">SEO &amp; Copywriting<\/strong> - increase organic visibility, generate qualified traffic and turn clicks into customers.<\/p><\/li><li data-start=\"3111\" data-end=\"3225\"><p data-start=\"3113\" data-end=\"3225\"><strong data-start=\"3113\" data-end=\"3150\">Automations &amp; Digital Tools<\/strong> - optimising processes to maximise productivity and reduce costs.<\/p><\/li><li data-start=\"3226\" data-end=\"3341\"><p data-start=\"3228\" data-end=\"3341\"><strong data-start=\"3228\" data-end=\"3255\">Strategic Consultancy<\/strong> - turning objectives into measurable results through personalised plans.<\/p><\/li><\/ul><p data-start=\"3343\" data-end=\"3525\">In <strong data-start=\"3346\" data-end=\"3368\">Morabeza Marketing<\/strong>We believe that each project deserves a unique approach. We work side by side with our clients, bringing <strong data-start=\"3484\" data-end=\"3522\">proximity, innovation and results<\/strong>.<\/p>\n<\/div><\/div>\n<\/section>","protected":false},"excerpt":{"rendered":"<p>Sobre Morabeza Marketing A Morabeza Digital, com sede em Mindelo, Cabo Verde, \u00e9 uma ag\u00eancia dedicada a ajudar empresas locais e internacionais a crescer no ambiente digital. Atrav\u00e9s de solu\u00e7\u00f5es inovadoras em marketing digital, SEO, redes sociais, webdesign e automa\u00e7\u00e3o, trabalhamos para aumentar a visibilidade das marcas, atrair clientes e transformar resultados. O nosso compromisso [&hellip;]<\/p>","protected":false},"author":5,"featured_media":0,"parent":0,"menu_order":0,"comment_status":"closed","ping_status":"closed","template":"","meta":{"footnotes":"","_breakdance_hide_in_design_set":false,"_breakdance_tags":""},"_links":{"self":[{"href":"https:\/\/morabeza.digital\/en\/wp-json\/wp\/v2\/pages\/2717"}],"collection":[{"href":"https:\/\/morabeza.digital\/en\/wp-json\/wp\/v2\/pages"}],"about":[{"href":"https:\/\/morabeza.digital\/en\/wp-json\/wp\/v2\/types\/page"}],"author":[{"embeddable":true,"href":"https:\/\/morabeza.digital\/en\/wp-json\/wp\/v2\/users\/5"}],"replies":[{"embeddable":true,"href":"https:\/\/morabeza.digital\/en\/wp-json\/wp\/v2\/comments?post=2717"}],"version-history":[{"count":8,"href":"https:\/\/morabeza.digital\/en\/wp-json\/wp\/v2\/pages\/2717\/revisions"}],"predecessor-version":[{"id":3448,"href":"https:\/\/morabeza.digital\/en\/wp-json\/wp\/v2\/pages\/2717\/revisions\/3448"}],"wp:attachment":[{"href":"https:\/\/morabeza.digital\/en\/wp-json\/wp\/v2\/media?parent=2717"}],"curies":[{"name":"wp","href":"https:\/\/api.w.org\/{rel}","templated":true}]}}