{"id":2571,"date":"2025-04-28T11:47:04","date_gmt":"2025-04-28T12:47:04","guid":{"rendered":"https:\/\/morabeza.digital\/?page_id=2571"},"modified":"2025-04-28T12:02:39","modified_gmt":"2025-04-28T13:02:39","slug":"privacy-policy","status":"publish","type":"page","link":"https:\/\/morabeza.digital\/en\/privacy-policy-2\/","title":{"rendered":"Privacy Policy"},"content":{"rendered":"<section class=\"bde-section-2571-113 bde-section\">\n  \n  \n\t\n\n\n\n<div class=\"section-container\"><div class=\"bde-div-2571-114 bde-div\">\n  \n  \n\t\n\n\n\n<h1 class=\"bde-heading-2571-115 bde-heading\">\nPrivacy Policy\n<\/h1><div class=\"bde-text-2571-128 bde-text\">\nIntroduction This website is committed to protecting the privacy of its users. Our privacy policy complies with the General Data Protection Regulation (GDPR) and Law no. 58\/2019 of 8 August, guaranteeing the security and confidentiality of the personal data collected.\n<\/div><div class=\"bde-rich-text-2571-116 bde-rich-text breakdance-rich-text-styles\">\n<h3>1. Personal Data Collected<\/h3><p>We collect personal information such as name, email address, age, interests and location information to provide personalised services and improve the user experience. The legal basis for processing includes the consent of the data subject, the performance of contracts, and the fulfilment of legal obligations.<\/p>\n<\/div><div class=\"bde-rich-text-2571-117 bde-rich-text breakdance-rich-text-styles\">\n<h3>2. Use of data<\/h3><p>\u00a0 \u00a0 We use the data collected to communicate news, offers and personalised services. This data helps us to better understand the needs of our users and to optimise the experience on the site.<\/p>\n<\/div><div class=\"bde-rich-text-2571-118 bde-rich-text breakdance-rich-text-styles\">\n<h3>3. Cookies and Tracking Technologies<\/h3><p>We use cookies and other technologies to remember user preferences and collect statistical data on site browsing. Users can opt out of being tracked by activating the \"Do not track\" option in their browser.<\/p>\n<\/div><div class=\"bde-rich-text-2571-119 bde-rich-text breakdance-rich-text-styles\">\n<h3>4. Data Protection and Security<\/h3><p>We implement strict security measures to protect personal data from unauthorised access and abuse. Financial information is encrypted and protected with the latest security technologies.<\/p>\n<\/div><div class=\"bde-rich-text-2571-120 bde-rich-text breakdance-rich-text-styles\">\n<h3>5. Minors' privacy<\/h3><p>We respect the privacy of minors and follow specific parental approval protocols for the collection of their information, in accordance with the General Data Protection Law.<\/p>\n<\/div><div class=\"bde-rich-text-2571-121 bde-rich-text breakdance-rich-text-styles\">\n<h3>6. Changes to the Privacy Policy<\/h3><p>This privacy policy may be updated to reflect changes in our practices or in legislation. Users will be notified of any changes via the established communication methods.<\/p>\n<\/div><div class=\"bde-rich-text-2571-122 bde-rich-text breakdance-rich-text-styles\">\n<h3>7. Contact us<\/h3><p>If you have any questions or concerns about this privacy policy, please contact us, <a href=\"https:\/\/morabeza.digital\/?page_id=24\">contact us using the form available on the website or the email address provided.<\/a><\/p>\n<\/div>\n<\/div><\/div>\n<\/section>","protected":false},"excerpt":{"rendered":"<p>Pol\u00edtica de privacidade Introdu\u00e7\u00e3o Este website compromete-se a proteger a privacidade dos seus utilizadores. A nossa pol\u00edtica de privacidade est\u00e1 em conformidade com o Regulamento Geral de Prote\u00e7\u00e3o de Dados (RGPD) e a Lei n.\u00ba 58\/2019 de 8 de agosto, garantindo a seguran\u00e7a e confidencialidade dos dados pessoais coletados\u200b\u200b. 1. Dados Pessoais ColetadosColetamos informa\u00e7\u00f5es pessoais [&hellip;]<\/p>","protected":false},"author":9,"featured_media":0,"parent":0,"menu_order":0,"comment_status":"closed","ping_status":"closed","template":"","meta":{"footnotes":"","_breakdance_hide_in_design_set":false,"_breakdance_tags":""},"_links":{"self":[{"href":"https:\/\/morabeza.digital\/en\/wp-json\/wp\/v2\/pages\/2571"}],"collection":[{"href":"https:\/\/morabeza.digital\/en\/wp-json\/wp\/v2\/pages"}],"about":[{"href":"https:\/\/morabeza.digital\/en\/wp-json\/wp\/v2\/types\/page"}],"author":[{"embeddable":true,"href":"https:\/\/morabeza.digital\/en\/wp-json\/wp\/v2\/users\/9"}],"replies":[{"embeddable":true,"href":"https:\/\/morabeza.digital\/en\/wp-json\/wp\/v2\/comments?post=2571"}],"version-history":[{"count":10,"href":"https:\/\/morabeza.digital\/en\/wp-json\/wp\/v2\/pages\/2571\/revisions"}],"predecessor-version":[{"id":2869,"href":"https:\/\/morabeza.digital\/en\/wp-json\/wp\/v2\/pages\/2571\/revisions\/2869"}],"wp:attachment":[{"href":"https:\/\/morabeza.digital\/en\/wp-json\/wp\/v2\/media?parent=2571"}],"curies":[{"name":"wp","href":"https:\/\/api.w.org\/{rel}","templated":true}]}}